










{"id":2457,"date":"2019-07-25T13:11:46","date_gmt":"2019-07-25T13:11:46","guid":{"rendered":"http:\/\/ecospray.eu\/?page_id=2457"},"modified":"2021-01-14T16:17:00","modified_gmt":"2021-01-14T15:17:00","slug":"termini-condizioni","status":"publish","type":"page","link":"http:\/\/dev.ecospray.eu\/it\/termini-condizioni\/","title":{"rendered":"Termini e condizioni"},"content":{"rendered":"\t\t<div data-elementor-type=\"wp-post\" data-elementor-id=\"2457\" class=\"elementor elementor-2457\" data-elementor-post-type=\"page\">\n\t\t\t\t\t\t<section class=\"elementor-section elementor-top-section elementor-element elementor-element-d906cd6 elementor-section-full_width elementor-section-height-min-height page-header-half elementor-section-height-default elementor-section-items-middle\" data-id=\"d906cd6\" data-element_type=\"section\" data-settings=\"{&quot;background_background&quot;:&quot;classic&quot;,&quot;background_motion_fx_motion_fx_scrolling&quot;:&quot;yes&quot;,&quot;background_motion_fx_scale_effect&quot;:&quot;yes&quot;,&quot;background_motion_fx_scale_range&quot;:{&quot;unit&quot;:&quot;%&quot;,&quot;size&quot;:&quot;&quot;,&quot;sizes&quot;:{&quot;start&quot;:0,&quot;end&quot;:100}},&quot;background_motion_fx_range&quot;:&quot;page&quot;,&quot;background_motion_fx_scale_direction&quot;:&quot;out-in&quot;,&quot;background_motion_fx_scale_speed&quot;:{&quot;unit&quot;:&quot;px&quot;,&quot;size&quot;:4,&quot;sizes&quot;:[]},&quot;background_motion_fx_devices&quot;:[&quot;desktop&quot;,&quot;tablet&quot;,&quot;mobile&quot;]}\">\n\t\t\t\t\t\t\t<div class=\"elementor-background-overlay\"><\/div>\n\t\t\t\t\t\t\t<div class=\"elementor-container elementor-column-gap-default\">\n\t\t\t\t\t<div class=\"elementor-column elementor-col-100 elementor-top-column elementor-element elementor-element-e34e644\" data-id=\"e34e644\" data-element_type=\"column\">\n\t\t\t<div class=\"elementor-widget-wrap elementor-element-populated\">\n\t\t\t\t\t\t<section class=\"elementor-section elementor-inner-section elementor-element elementor-element-95341b5 ecs-small-box elementor-section-boxed elementor-section-height-default elementor-section-height-default\" data-id=\"95341b5\" data-element_type=\"section\">\n\t\t\t\t\t\t<div class=\"elementor-container elementor-column-gap-default\">\n\t\t\t\t\t<div class=\"elementor-column elementor-col-100 elementor-inner-column elementor-element elementor-element-d988d35\" data-id=\"d988d35\" data-element_type=\"column\">\n\t\t\t<div class=\"elementor-widget-wrap elementor-element-populated\">\n\t\t\t\t\t\t\t<\/div>\n\t\t<\/div>\n\t\t\t\t\t<\/div>\n\t\t<\/section>\n\t\t\t\t\t<\/div>\n\t\t<\/div>\n\t\t\t\t\t<\/div>\n\t\t<\/section>\n\t\t\t\t<section class=\"elementor-section elementor-top-section elementor-element elementor-element-a0860ea elementor-section-boxed elementor-section-height-default elementor-section-height-default\" data-id=\"a0860ea\" data-element_type=\"section\">\n\t\t\t\t\t\t<div class=\"elementor-container elementor-column-gap-default\">\n\t\t\t\t\t<div class=\"elementor-column elementor-col-100 elementor-top-column elementor-element elementor-element-e6d8721\" data-id=\"e6d8721\" data-element_type=\"column\">\n\t\t\t<div class=\"elementor-widget-wrap elementor-element-populated\">\n\t\t\t\t\t\t<div class=\"elementor-element elementor-element-f18ee76 elementor-widget elementor-widget-text-editor\" data-id=\"f18ee76\" data-element_type=\"widget\" data-widget_type=\"text-editor.default\">\n\t\t\t\t<div class=\"elementor-widget-container\">\n\t\t\t\t\t\t\t<p>Si prega di leggere attentamente questi termini e condizioni prima di accedere a questo sito Internet. Accedendo alle pagine Web di Ecospray Technologies S.r.l. (di seguito &#8220;Ecospray&#8221;) si accetta di essere vincolati dalle seguenti termini e condizioni.<\/p><h4>Copyright e propriet\u00e0 intellettuale<\/h4><p>Testi, foto, grafica, materiale audio, sequenze video e file animati, incluso il loro design, sono soggetti alla legge sul copyright e ad altre leggi che proteggono la propriet\u00e0 intellettuale.\u00a0<\/p><p>I contenuti del sito Web, inclusi, a titolo esemplificativo ma non esaustivo, testi, immagini e suoni, non possono essere riprodotti, trasferiti, distribuiti o archiviati senza la previa autorizzazione scritta di Ecospray.<\/p><p>Le modifiche ai contenuti del sito Web sono espressamente vietate.\u00a0Pertanto, non \u00e8 possibile ad esempio (i) distribuire o trasmettere tali contenuti on o off line;\u00a0(ii) modificare, riutilizzare o ripubblicare tali contenuti;\u00a0(iii) rimuovere qualsiasi notazione sui materiali scaricati che costituiscono avviso o spiegazione di diritti d&#8217;autore, marchio commerciale, abbigliamento commerciale, brevetto o altri diritti di propriet\u00e0 intellettuale;\u00a0(iv) utilizzare tali contenuti per scopi pubblici, anche se non commerciali;\u00a0o (v) tentare di de-compilare, decodificare o in altro modo manomettere qualsiasi software o altro contenuto su questo sito web.<\/p><p>Ecospray concede l&#8217;autorizzazione per l&#8217;archiviazione sul computer o per stampare copie di estratti da queste pagine esclusivamente per uso personale.\u00a0Il contenuto delle pagine di Ecospray pu\u00f2 essere utilizzato solo a scopo informativo e in modo tale da non recare pregiudizio alla reputazione di Ecospray.\u00a0Le informazioni fornite su questo sito non possono essere modificate senza l&#8217;espressa autorizzazione scritta di Ecospray. L&#8217;uso di comunicati stampa e altri documenti classificati come pubblici \u00e8 consentito nelle comunicazioni pubbliche, se la fonte delle informazioni \u00e8 menzionata.\u00a0I singoli documenti contenuti nelle nostre pagine possono essere soggetti a termini aggiuntivi indicati in tali documenti.<\/p><p>Alcune parti del sito web contengono immagini e materiali soggetti ai diritti di copyright dei loro fornitori e sono utilizzati da Ecospray con il permesso.\u00a0L&#8217;utilizzo da parte dell&#8217;utente di tali materiali in modo diverso da quanto stabilito in questi Termini e Condizioni potrebbe violare i diritti di tali altri soggetti.<\/p><p>Ecospray concede l&#8217;autorizzazione per l&#8217;archiviazione sul proprio computer o per stampare copie di estratti da queste pagine esclusivamente per uso personale.\u00a0<\/p><p>Il nome ed il logo Ecospray sono di propriet\u00e0 della stessa.<\/p><h4>Limitazione di responsabilit\u00e0<\/h4><p>I contenuti delle pagine web di Ecospray vengono forniti &#8220;cos\u00ec come sono&#8221; e &#8220;come disponibili&#8221;.\u00a0Salvo quanto richiesto dalla legge applicabile, nessuna garanzia di alcun tipo, espressa o implicita, incluse, ma non limitate a, garanzie implicite di commerciabilit\u00e0, idoneit\u00e0 per uno scopo particolare o non violazione, viene effettuata in relazione alla correttezza, accuratezza, affidabilit\u00e0 o altrimenti del contenuto di queste pagine.\u00a0Ecospray non garantisce che le sue pagine o il server che le rende disponibili siano privi di virus o altri componenti dannosi.\u00a0<\/p><p>Qualsiasi documentazione di Ecospray pu\u00f2 includere inesattezze tecniche o errori tipografici.\u00a0Eventuali modifiche e integrazioni possono essere apportate da Ecospray a qualsiasi informazione contenuta nel presente documento.\u00a0Ecospray si riserva il diritto di modificare le pagine o ritirare l&#8217;accesso ad esse in qualsiasi momento.<\/p><p>Ecospray non sar\u00e0 responsabile in alcun modo per eventuali danni, inclusi, a titolo esemplificativo ma non esaustivo, danni diretti, incidentali, consequenziali, indiretti, secondari, speciali o punitivi, perdite o spese o perdita di profitti relativi anche indirettamente all&#8217;accesso del sito Web o da pagine web o qualsiasi sito collegato ad esso, o l&#8217;impossibilit\u00e0 di utilizzare il contenuto di queste pagine, o utilizzare o tentato uso delle informazioni in esso contenute o relative a qualsiasi errore di prestazioni, errore, omissione, interruzione, difetto, ritardo di funzionamento o trasmissione, virus informatico o guasto di linea o di sistema, anche se Ecospray o i suoi rappresentanti siano avvisati di tali danni, perdite o spese.<\/p><p>Ecospray non si assume alcuna responsabilit\u00e0 per il materiale di propriet\u00e0, creato o pubblicato da terzi cui le pagine web di Ecospray possano contenere un link.\u00a0Collegandosi a tale sito di terze parti, si dovr\u00e0 verificare e accettare le regole di utilizzo di quel sito prima di utilizzare tale sito.\u00a0Un collegamento a un sito non Ecospray non implica che Ecospray approvi il sito e i prodotti o servizi citati in tale sito di terze parti.<\/p><h4>Invalidit\u00e0<\/h4><p>Se qualsiasi disposizione di questi Termini \u00e8 ritenuta non valida ai sensi di qualsiasi legge applicabile, tali disposizioni devono essere cancellate senza pregiudicare le restanti disposizioni nel presente documento.<\/p><h4>Tutti i diritti riservati<\/h4><p>Tutti i diritti non espressamente concessi con la presente sono riservati.\u00a0Ecospray si riserva il diritto di modificare questi Termini e Condizioni in qualsiasi momento, aggiornando questa pubblicazione.\u00a0L&#8217;utente \u00e8 vincolato da tali modifiche e pertanto dovrebbe verificare periodicamente la presente dichiarazione sui termini e le condizioni.<\/p><h4>Propriet\u00e0 del sito<\/h4><p>Questo sito Web \u00e8 di propriet\u00e0 e pubblicato da:\u00a0<\/p><p>Ecospray Technologies S.r.l.<\/p><p>Via Ricotti, 5 &#8211;\u00a027058 Voghera &#8211; PV\u00a0Italia<\/p><p>T +39 0131 854611\u00a0<\/p><p>F\u00a0+39 0131 854617<\/p><h4>Modifiche<\/h4><p>Ecospray si riserva il diritto di rivedere i Termini e le Condizioni qui presenti in qualsiasi momento. Qualunque modifica sar\u00e0 vincolante ed efficace immediatamente dopo la pubblicazione dei Termini e delle Condizioni modificate sul nostro sito web. L\u2019uso continuato del sito da parte tua comporta l\u2019accettazione di qualsiasi revisione dei Termini e delle Condizioni qui presenti.<\/p><h4>Legge applicabile e giurisdizione<\/h4><p>Le presenti Condizioni saranno regolate e interpretate in conformit\u00e0 con le leggi dello Stato Italiano e saranno sottoposte alla giurisdizione esclusiva del foro di Milano per la risoluzione di eventuali controversie.<\/p>\t\t\t\t\t\t<\/div>\n\t\t\t\t<\/div>\n\t\t\t\t\t<\/div>\n\t\t<\/div>\n\t\t\t\t\t<\/div>\n\t\t<\/section>\n\t\t\t\t<\/div>\n\t\t","protected":false},"excerpt":{"rendered":"<p>Si prega di leggere attentamente questi termini e condizioni prima di accedere a questo sito Internet. Accedendo alle pagine Web di Ecospray Technologies S.r.l. (di seguito &#8220;Ecospray&#8221;) si accetta di essere vincolati dalle seguenti termini [&hellip;]<\/p>\n","protected":false},"author":2,"featured_media":9605,"parent":0,"menu_order":0,"comment_status":"closed","ping_status":"closed","template":"","meta":{"_acf_changed":false,"footnotes":""},"categorie-prodotti":[],"categorie-servizi":[],"aree":[],"acf":[],"yoast_head":"<!-- This site is optimized with the Yoast SEO plugin v22.3 - https:\/\/yoast.com\/wordpress\/plugins\/seo\/ -->\n<title>Termini e condizioni - Ecospray<\/title>\n<meta name=\"robots\" content=\"index, follow, max-snippet:-1, max-image-preview:large, max-video-preview:-1\" \/>\n<link rel=\"canonical\" href=\"http:\/\/dev.ecospray.eu\/it\/termini-condizioni\/\" \/>\n<meta property=\"og:locale\" content=\"it_IT\" \/>\n<meta property=\"og:type\" content=\"article\" \/>\n<meta property=\"og:title\" content=\"Termini e condizioni - Ecospray\" \/>\n<meta property=\"og:description\" content=\"Si prega di leggere attentamente questi termini e condizioni prima di accedere a questo sito Internet. Accedendo alle pagine Web di Ecospray Technologies S.r.l. (di seguito &#8220;Ecospray&#8221;) si accetta di essere vincolati dalle seguenti termini [&hellip;]\" \/>\n<meta property=\"og:url\" content=\"http:\/\/dev.ecospray.eu\/it\/termini-condizioni\/\" \/>\n<meta property=\"og:site_name\" content=\"Ecospray\" \/>\n<meta property=\"article:modified_time\" content=\"2021-01-14T15:17:00+00:00\" \/>\n<meta property=\"og:image\" content=\"http:\/\/dev.ecospray.eu\/wp-content\/uploads\/2021\/01\/earth-cover.jpg\" \/>\n\t<meta property=\"og:image:width\" content=\"1920\" \/>\n\t<meta property=\"og:image:height\" content=\"1024\" \/>\n\t<meta property=\"og:image:type\" content=\"image\/jpeg\" \/>\n<meta name=\"twitter:card\" content=\"summary_large_image\" \/>\n<meta name=\"twitter:label1\" content=\"Tempo di lettura stimato\" \/>\n\t<meta name=\"twitter:data1\" content=\"4 minuti\" \/>\n<script type=\"application\/ld+json\" class=\"yoast-schema-graph\">{\"@context\":\"https:\/\/schema.org\",\"@graph\":[{\"@type\":\"WebPage\",\"@id\":\"http:\/\/dev.ecospray.eu\/it\/termini-condizioni\/\",\"url\":\"http:\/\/dev.ecospray.eu\/it\/termini-condizioni\/\",\"name\":\"Termini e condizioni - Ecospray\",\"isPartOf\":{\"@id\":\"https:\/\/dev.ecospray.eu\/#website\"},\"primaryImageOfPage\":{\"@id\":\"http:\/\/dev.ecospray.eu\/it\/termini-condizioni\/#primaryimage\"},\"image\":{\"@id\":\"http:\/\/dev.ecospray.eu\/it\/termini-condizioni\/#primaryimage\"},\"thumbnailUrl\":\"http:\/\/dev.ecospray.eu\/wp-content\/uploads\/2021\/01\/earth-cover.jpg\",\"datePublished\":\"2019-07-25T13:11:46+00:00\",\"dateModified\":\"2021-01-14T15:17:00+00:00\",\"breadcrumb\":{\"@id\":\"http:\/\/dev.ecospray.eu\/it\/termini-condizioni\/#breadcrumb\"},\"inLanguage\":\"it-IT\",\"potentialAction\":[{\"@type\":\"ReadAction\",\"target\":[\"http:\/\/dev.ecospray.eu\/it\/termini-condizioni\/\"]}]},{\"@type\":\"ImageObject\",\"inLanguage\":\"it-IT\",\"@id\":\"http:\/\/dev.ecospray.eu\/it\/termini-condizioni\/#primaryimage\",\"url\":\"http:\/\/dev.ecospray.eu\/wp-content\/uploads\/2021\/01\/earth-cover.jpg\",\"contentUrl\":\"http:\/\/dev.ecospray.eu\/wp-content\/uploads\/2021\/01\/earth-cover.jpg\",\"width\":1920,\"height\":1024},{\"@type\":\"BreadcrumbList\",\"@id\":\"http:\/\/dev.ecospray.eu\/it\/termini-condizioni\/#breadcrumb\",\"itemListElement\":[{\"@type\":\"ListItem\",\"position\":1,\"name\":\"Home\",\"item\":\"https:\/\/dev.ecospray.eu\/it\/\"},{\"@type\":\"ListItem\",\"position\":2,\"name\":\"Termini e condizioni\"}]},{\"@type\":\"WebSite\",\"@id\":\"https:\/\/dev.ecospray.eu\/#website\",\"url\":\"https:\/\/dev.ecospray.eu\/\",\"name\":\"Ecospray\",\"description\":\"Technologies for the planet.\",\"publisher\":{\"@id\":\"https:\/\/dev.ecospray.eu\/#organization\"},\"potentialAction\":[{\"@type\":\"SearchAction\",\"target\":{\"@type\":\"EntryPoint\",\"urlTemplate\":\"https:\/\/dev.ecospray.eu\/?s={search_term_string}\"},\"query-input\":\"required name=search_term_string\"}],\"inLanguage\":\"it-IT\"},{\"@type\":\"Organization\",\"@id\":\"https:\/\/dev.ecospray.eu\/#organization\",\"name\":\"Ecospray\",\"url\":\"https:\/\/dev.ecospray.eu\/\",\"logo\":{\"@type\":\"ImageObject\",\"inLanguage\":\"it-IT\",\"@id\":\"https:\/\/dev.ecospray.eu\/#\/schema\/logo\/image\/\",\"url\":\"http:\/\/dev.ecospray.eu\/wp-content\/uploads\/2023\/05\/logo_ecosprayR_colore_.png\",\"contentUrl\":\"http:\/\/dev.ecospray.eu\/wp-content\/uploads\/2023\/05\/logo_ecosprayR_colore_.png\",\"width\":569,\"height\":131,\"caption\":\"Ecospray\"},\"image\":{\"@id\":\"https:\/\/dev.ecospray.eu\/#\/schema\/logo\/image\/\"}}]}<\/script>\n<!-- \/ Yoast SEO plugin. -->","yoast_head_json":{"title":"Termini e condizioni - Ecospray","robots":{"index":"index","follow":"follow","max-snippet":"max-snippet:-1","max-image-preview":"max-image-preview:large","max-video-preview":"max-video-preview:-1"},"canonical":"http:\/\/dev.ecospray.eu\/it\/termini-condizioni\/","og_locale":"it_IT","og_type":"article","og_title":"Termini e condizioni - Ecospray","og_description":"Si prega di leggere attentamente questi termini e condizioni prima di accedere a questo sito Internet. Accedendo alle pagine Web di Ecospray Technologies S.r.l. (di seguito &#8220;Ecospray&#8221;) si accetta di essere vincolati dalle seguenti termini [&hellip;]","og_url":"http:\/\/dev.ecospray.eu\/it\/termini-condizioni\/","og_site_name":"Ecospray","article_modified_time":"2021-01-14T15:17:00+00:00","og_image":[{"width":1920,"height":1024,"url":"http:\/\/dev.ecospray.eu\/wp-content\/uploads\/2021\/01\/earth-cover.jpg","type":"image\/jpeg"}],"twitter_card":"summary_large_image","twitter_misc":{"Tempo di lettura stimato":"4 minuti"},"schema":{"@context":"https:\/\/schema.org","@graph":[{"@type":"WebPage","@id":"http:\/\/dev.ecospray.eu\/it\/termini-condizioni\/","url":"http:\/\/dev.ecospray.eu\/it\/termini-condizioni\/","name":"Termini e condizioni - Ecospray","isPartOf":{"@id":"https:\/\/dev.ecospray.eu\/#website"},"primaryImageOfPage":{"@id":"http:\/\/dev.ecospray.eu\/it\/termini-condizioni\/#primaryimage"},"image":{"@id":"http:\/\/dev.ecospray.eu\/it\/termini-condizioni\/#primaryimage"},"thumbnailUrl":"http:\/\/dev.ecospray.eu\/wp-content\/uploads\/2021\/01\/earth-cover.jpg","datePublished":"2019-07-25T13:11:46+00:00","dateModified":"2021-01-14T15:17:00+00:00","breadcrumb":{"@id":"http:\/\/dev.ecospray.eu\/it\/termini-condizioni\/#breadcrumb"},"inLanguage":"it-IT","potentialAction":[{"@type":"ReadAction","target":["http:\/\/dev.ecospray.eu\/it\/termini-condizioni\/"]}]},{"@type":"ImageObject","inLanguage":"it-IT","@id":"http:\/\/dev.ecospray.eu\/it\/termini-condizioni\/#primaryimage","url":"http:\/\/dev.ecospray.eu\/wp-content\/uploads\/2021\/01\/earth-cover.jpg","contentUrl":"http:\/\/dev.ecospray.eu\/wp-content\/uploads\/2021\/01\/earth-cover.jpg","width":1920,"height":1024},{"@type":"BreadcrumbList","@id":"http:\/\/dev.ecospray.eu\/it\/termini-condizioni\/#breadcrumb","itemListElement":[{"@type":"ListItem","position":1,"name":"Home","item":"https:\/\/dev.ecospray.eu\/it\/"},{"@type":"ListItem","position":2,"name":"Termini e condizioni"}]},{"@type":"WebSite","@id":"https:\/\/dev.ecospray.eu\/#website","url":"https:\/\/dev.ecospray.eu\/","name":"Ecospray","description":"Technologies for the planet.","publisher":{"@id":"https:\/\/dev.ecospray.eu\/#organization"},"potentialAction":[{"@type":"SearchAction","target":{"@type":"EntryPoint","urlTemplate":"https:\/\/dev.ecospray.eu\/?s={search_term_string}"},"query-input":"required name=search_term_string"}],"inLanguage":"it-IT"},{"@type":"Organization","@id":"https:\/\/dev.ecospray.eu\/#organization","name":"Ecospray","url":"https:\/\/dev.ecospray.eu\/","logo":{"@type":"ImageObject","inLanguage":"it-IT","@id":"https:\/\/dev.ecospray.eu\/#\/schema\/logo\/image\/","url":"http:\/\/dev.ecospray.eu\/wp-content\/uploads\/2023\/05\/logo_ecosprayR_colore_.png","contentUrl":"http:\/\/dev.ecospray.eu\/wp-content\/uploads\/2023\/05\/logo_ecosprayR_colore_.png","width":569,"height":131,"caption":"Ecospray"},"image":{"@id":"https:\/\/dev.ecospray.eu\/#\/schema\/logo\/image\/"}}]}},"_links":{"self":[{"href":"http:\/\/dev.ecospray.eu\/it\/wp-json\/wp\/v2\/pages\/2457"}],"collection":[{"href":"http:\/\/dev.ecospray.eu\/it\/wp-json\/wp\/v2\/pages"}],"about":[{"href":"http:\/\/dev.ecospray.eu\/it\/wp-json\/wp\/v2\/types\/page"}],"author":[{"embeddable":true,"href":"http:\/\/dev.ecospray.eu\/it\/wp-json\/wp\/v2\/users\/2"}],"replies":[{"embeddable":true,"href":"http:\/\/dev.ecospray.eu\/it\/wp-json\/wp\/v2\/comments?post=2457"}],"version-history":[{"count":13,"href":"http:\/\/dev.ecospray.eu\/it\/wp-json\/wp\/v2\/pages\/2457\/revisions"}],"predecessor-version":[{"id":10205,"href":"http:\/\/dev.ecospray.eu\/it\/wp-json\/wp\/v2\/pages\/2457\/revisions\/10205"}],"wp:featuredmedia":[{"embeddable":true,"href":"http:\/\/dev.ecospray.eu\/it\/wp-json\/wp\/v2\/media\/9605"}],"wp:attachment":[{"href":"http:\/\/dev.ecospray.eu\/it\/wp-json\/wp\/v2\/media?parent=2457"}],"wp:term":[{"taxonomy":"categorie-prodotti","embeddable":true,"href":"http:\/\/dev.ecospray.eu\/it\/wp-json\/wp\/v2\/categorie-prodotti?post=2457"},{"taxonomy":"categorie-servizi","embeddable":true,"href":"http:\/\/dev.ecospray.eu\/it\/wp-json\/wp\/v2\/categorie-servizi?post=2457"},{"taxonomy":"aree","embeddable":true,"href":"http:\/\/dev.ecospray.eu\/it\/wp-json\/wp\/v2\/aree?post=2457"}],"curies":[{"name":"wp","href":"https:\/\/api.w.org\/{rel}","templated":true}]}}